{"id":78,"date":"2024-09-13T10:01:44","date_gmt":"2024-09-13T08:01:44","guid":{"rendered":"https:\/\/www.hana-trans.sk\/nove\/?page_id=78"},"modified":"2025-03-13T10:01:58","modified_gmt":"2025-03-13T09:01:58","slug":"kontakt","status":"publish","type":"page","link":"https:\/\/www.hana-trans.sk\/index.php\/kontakt\/","title":{"rendered":"Kontakt"},"content":{"rendered":"\t\t<div data-elementor-type=\"wp-page\" data-elementor-id=\"78\" class=\"elementor elementor-78\">\n\t\t\t\t<div class=\"elementor-element elementor-element-5c3cefe e-con-full e-flex e-con e-parent\" data-id=\"5c3cefe\" data-element_type=\"container\">\n\t\t<div class=\"elementor-element elementor-element-1f354cd e-grid e-con-boxed e-con e-child\" data-id=\"1f354cd\" data-element_type=\"container\">\n\t\t\t\t\t<div class=\"e-con-inner\">\n\t\t\t\t<div class=\"elementor-element elementor-element-cd3ead5 elementor-widget elementor-widget-google_maps\" data-id=\"cd3ead5\" data-element_type=\"widget\" data-widget_type=\"google_maps.default\">\n\t\t\t\t<div class=\"elementor-widget-container\">\n\t\t\t\t\t\t\t<div class=\"elementor-custom-embed\">\n\t\t\t<iframe loading=\"lazy\"\n\t\t\t\t\tsrc=\"https:\/\/maps.google.com\/maps?q=%C5%A0irok%C3%A9%20178&#038;t=m&#038;z=10&#038;output=embed&#038;iwloc=near\"\n\t\t\t\t\ttitle=\"\u0160irok\u00e9 178\"\n\t\t\t\t\taria-label=\"\u0160irok\u00e9 178\"\n\t\t\t><\/iframe>\n\t\t<\/div>\n\t\t\t\t\t\t<\/div>\n\t\t\t\t<\/div>\n\t\t\t\t<div class=\"elementor-element elementor-element-0535c95 elementor-widget elementor-widget-text-editor\" data-id=\"0535c95\" data-element_type=\"widget\" data-widget_type=\"text-editor.default\">\n\t\t\t\t<div class=\"elementor-widget-container\">\n\t\t\t\t\t\t\t\t\t<p id=\"wnd_TextBlock_617338541_inner_0\" data-wnd_is_separable=\"1\" data-wnd_separable_index=\"0\" data-wnd_separable_id=\"wnd_TextBlock_617338541\"><strong>HANA-trans, s.r.o.<\/strong><\/p><p id=\"wnd_TextBlock_617338541_inner_0\" data-wnd_is_separable=\"1\" data-wnd_separable_index=\"0\" data-wnd_separable_id=\"wnd_TextBlock_617338541\"><b>I\u010cO: 45291098\u00a0 \u00a0 I\u010c DPH: SK2022938786\u00a0<\/b><\/p><p data-wnd_is_separable=\"1\" data-wnd_separable_index=\"0\" data-wnd_separable_id=\"wnd_TextBlock_617338541\"><b><\/b><strong>Faktura\u010dn\u00e1 adresa firmy:<\/strong><br \/>\u0160irok\u00e9 178, 082 37 \u0160irok\u00e9<\/p><p id=\"wnd_TextBlock_617338541_inner_1\" data-wnd_is_separable=\"1\" data-wnd_separable_index=\"1\" data-wnd_separable_id=\"wnd_TextBlock_617338541\"><strong>E-mail:<\/strong><br \/>juhas@hana-trans.sk<\/p><p id=\"wnd_TextBlock_617338541_inner_2\" data-wnd_is_separable=\"1\" data-wnd_separable_index=\"2\" data-wnd_separable_id=\"wnd_TextBlock_617338541\"><strong>Telef\u00f3nne \u010d\u00edslo:<\/strong><br \/>+421\u00a0903 451 724<\/p>\t\t\t\t\t\t\t\t<\/div>\n\t\t\t\t<\/div>\n\t\t\t\t<div class=\"elementor-element elementor-element-9e0bc5a elementor-widget elementor-widget-google_maps\" data-id=\"9e0bc5a\" data-element_type=\"widget\" data-widget_type=\"google_maps.default\">\n\t\t\t\t<div class=\"elementor-widget-container\">\n\t\t\t\t\t\t\t<div class=\"elementor-custom-embed\">\n\t\t\t<iframe loading=\"lazy\"\n\t\t\t\t\tsrc=\"https:\/\/maps.google.com\/maps?q=Kostoln%C3%A1%20669%20Pe%C4%8Dovsk%C3%A1%20Nov%C3%A1%20Ves&#038;t=m&#038;z=10&#038;output=embed&#038;iwloc=near\"\n\t\t\t\t\ttitle=\"Kostoln\u00e1 669 Pe\u010dovsk\u00e1 Nov\u00e1 Ves\"\n\t\t\t\t\taria-label=\"Kostoln\u00e1 669 Pe\u010dovsk\u00e1 Nov\u00e1 Ves\"\n\t\t\t><\/iframe>\n\t\t<\/div>\n\t\t\t\t\t\t<\/div>\n\t\t\t\t<\/div>\n\t\t\t\t<div class=\"elementor-element elementor-element-554a6dc elementor-widget elementor-widget-text-editor\" data-id=\"554a6dc\" data-element_type=\"widget\" data-widget_type=\"text-editor.default\">\n\t\t\t\t<div class=\"elementor-widget-container\">\n\t\t\t\t\t\t\t\t\t<p data-wnd_is_separable=\"1\" data-wnd_separable_index=\"0\" data-wnd_separable_id=\"wnd_TextBlock_617338541\">\u00a0<\/p><p id=\"wnd_TextBlock_617338541_inner_0\" data-wnd_is_separable=\"1\" data-wnd_separable_index=\"0\" data-wnd_separable_id=\"wnd_TextBlock_617338541\"><b>Prev\u00e1dzka firmy:<br \/><\/b>Kostoln\u00e1 669, 082 56 Pe\u010dovsk\u00e1 Nov\u00e1 Ves<\/p><p id=\"wnd_TextBlock_617338541_inner_1\" data-wnd_is_separable=\"1\" data-wnd_separable_index=\"1\" data-wnd_separable_id=\"wnd_TextBlock_617338541\"><strong>E-mail:<\/strong><br \/>info@hana-trans.sk<\/p><p id=\"wnd_TextBlock_617338541_inner_2\" data-wnd_is_separable=\"1\" data-wnd_separable_index=\"2\" data-wnd_separable_id=\"wnd_TextBlock_617338541\"><strong>Telef\u00f3nne \u010d\u00edslo:<\/strong><br \/>+421 51\/458 31 38<\/p>\t\t\t\t\t\t\t\t<\/div>\n\t\t\t\t<\/div>\n\t\t\t\t\t<\/div>\n\t\t\t\t<\/div>\n\t\t\t\t<\/div>\n\t\t<div class=\"elementor-element elementor-element-ba32cbe e-grid e-con-full e-con e-parent\" data-id=\"ba32cbe\" data-element_type=\"container\">\n\t\t\t\t<div class=\"elementor-element elementor-element-d967309 elementor-widget elementor-widget-text-editor\" data-id=\"d967309\" data-element_type=\"widget\" data-widget_type=\"text-editor.default\">\n\t\t\t\t<div class=\"elementor-widget-container\">\n\t\t\t\t\t\t\t\t\t<p><strong>Faktura\u010dn\u00e9 oddelenie:<\/strong><\/p><p><a href=\"mailto:ekonomicke@hana-trans.sk\">ekonomicke@hana-trans.sk<\/a><\/p><p>+421\u00a0911\u00a0451 724<\/p>\t\t\t\t\t\t\t\t<\/div>\n\t\t\t\t<\/div>\n\t\t\t\t<div class=\"elementor-element elementor-element-b2e7da0 elementor-widget elementor-widget-text-editor\" data-id=\"b2e7da0\" data-element_type=\"widget\" data-widget_type=\"text-editor.default\">\n\t\t\t\t<div class=\"elementor-widget-container\">\n\t\t\t\t\t\t\t\t\t<p><strong>Doprava a\u00a0servis:\u00a0\u00a0\u00a0\u00a0\u00a0\u00a0\u00a0\u00a0\u00a0\u00a0\u00a0\u00a0\u00a0\u00a0\u00a0\u00a0\u00a0\u00a0\u00a0\u00a0\u00a0\u00a0\u00a0\u00a0\u00a0\u00a0 <\/strong><\/p><p><a href=\"mailto:dopravne@hana-trans.sk\">dopravne@hana-trans.sk<\/a><\/p><p>+421\u00a0911\u00a0560\u00a0832<\/p>\t\t\t\t\t\t\t\t<\/div>\n\t\t\t\t<\/div>\n\t\t\t\t<div class=\"elementor-element elementor-element-80c35a3 elementor-widget elementor-widget-text-editor\" data-id=\"80c35a3\" data-element_type=\"widget\" data-widget_type=\"text-editor.default\">\n\t\t\t\t<div class=\"elementor-widget-container\">\n\t\t\t\t\t\t\t\t\t<p><strong>Person\u00e1lne oddelenie:<\/strong><\/p><p><a href=\"mailto:personalne@hana-trans.sk\">personalne@hana-trans.sk<\/a><\/p><p>+421\u00a0911\u00a0560\u00a0702<\/p>\t\t\t\t\t\t\t\t<\/div>\n\t\t\t\t<\/div>\n\t\t\t\t<\/div>\n\t\t\t\t<\/div>\n\t\t","protected":false},"excerpt":{"rendered":"<p>HANA-trans, s.r.o. I\u010cO: 45291098\u00a0 \u00a0 I\u010c DPH: SK2022938786\u00a0 Faktura\u010dn\u00e1 adresa firmy:\u0160irok\u00e9 178, 082 37 \u0160irok\u00e9 E-mail:juhas@hana-trans.sk Telef\u00f3nne \u010d\u00edslo:+421\u00a0903 451 724 \u00a0 Prev\u00e1dzka firmy:Kostoln\u00e1 669, 082 56 Pe\u010dovsk\u00e1 Nov\u00e1 Ves E-mail:info@hana-trans.sk Telef\u00f3nne \u010d\u00edslo:+421 51\/458 31 38 Faktura\u010dn\u00e9 oddelenie: ekonomicke@hana-trans.sk +421\u00a0911\u00a0451 724 Doprava a\u00a0servis:\u00a0\u00a0\u00a0\u00a0\u00a0\u00a0\u00a0\u00a0\u00a0\u00a0\u00a0\u00a0\u00a0\u00a0\u00a0\u00a0\u00a0\u00a0\u00a0\u00a0\u00a0\u00a0\u00a0\u00a0\u00a0\u00a0 dopravne@hana-trans.sk +421\u00a0911\u00a0560\u00a0832 Person\u00e1lne oddelenie: personalne@hana-trans.sk +421\u00a0911\u00a0560\u00a0702<\/p>\n","protected":false},"author":1,"featured_media":0,"parent":0,"menu_order":0,"comment_status":"closed","ping_status":"closed","template":"","meta":{"_monsterinsights_skip_tracking":false,"_monsterinsights_sitenote_active":false,"_monsterinsights_sitenote_note":"","_monsterinsights_sitenote_category":0,"footnotes":""},"class_list":["post-78","page","type-page","status-publish","hentry"],"yoast_head":"<!-- This site is optimized with the Yoast SEO plugin v23.4 - https:\/\/yoast.com\/wordpress\/plugins\/seo\/ -->\n<title>Kontakt - HANA - trans, s.r.o. \/ n\u00e1kladn\u00e1 doprava, zemn\u00e9 a v\u00fdkopov\u00e9 pr\u00e1ce\/<\/title>\n<meta name=\"description\" content=\"n\u00e1kladn\u00e1 doprava, preprava sypk\u00fdch materi\u00e1lov, zemn\u00e9 a v\u00fdkopov\u00e9 pr\u00e1ce, Pre\u0161ov, Sabinov, Ko\u0161ice\" \/>\n<meta name=\"robots\" content=\"index, follow, max-snippet:-1, max-image-preview:large, max-video-preview:-1\" \/>\n<link rel=\"canonical\" href=\"https:\/\/www.hana-trans.sk\/index.php\/kontakt\/\" \/>\n<meta property=\"og:locale\" content=\"sk_SK\" \/>\n<meta property=\"og:type\" content=\"article\" \/>\n<meta property=\"og:title\" content=\"Kontakt - HANA - trans, s.r.o. \/ n\u00e1kladn\u00e1 doprava, zemn\u00e9 a v\u00fdkopov\u00e9 pr\u00e1ce\/\" \/>\n<meta property=\"og:description\" content=\"n\u00e1kladn\u00e1 doprava, preprava sypk\u00fdch materi\u00e1lov, zemn\u00e9 a v\u00fdkopov\u00e9 pr\u00e1ce, Pre\u0161ov, Sabinov, Ko\u0161ice\" \/>\n<meta property=\"og:url\" content=\"https:\/\/www.hana-trans.sk\/index.php\/kontakt\/\" \/>\n<meta property=\"og:site_name\" content=\"HANA - trans, s.r.o. \/ n\u00e1kladn\u00e1 doprava, zemn\u00e9 a v\u00fdkopov\u00e9 pr\u00e1ce\/\" \/>\n<meta property=\"article:publisher\" content=\"https:\/\/www.facebook.com\/hanatranssro\/?locale=sk_SK\" \/>\n<meta property=\"article:modified_time\" content=\"2025-03-13T09:01:58+00:00\" \/>\n<meta property=\"og:image\" content=\"https:\/\/www.hana-trans.sk\/wp-content\/uploads\/2024\/09\/logo-nove.jpg\" \/>\n\t<meta property=\"og:image:width\" content=\"1332\" \/>\n\t<meta property=\"og:image:height\" content=\"740\" \/>\n\t<meta property=\"og:image:type\" content=\"image\/jpeg\" \/>\n<meta name=\"twitter:card\" content=\"summary_large_image\" \/>\n<script type=\"application\/ld+json\" class=\"yoast-schema-graph\">{\"@context\":\"https:\/\/schema.org\",\"@graph\":[{\"@type\":\"WebPage\",\"@id\":\"https:\/\/www.hana-trans.sk\/index.php\/kontakt\/\",\"url\":\"https:\/\/www.hana-trans.sk\/index.php\/kontakt\/\",\"name\":\"Kontakt - HANA - trans, s.r.o. \/ n\u00e1kladn\u00e1 doprava, zemn\u00e9 a v\u00fdkopov\u00e9 pr\u00e1ce\/\",\"isPartOf\":{\"@id\":\"https:\/\/www.hana-trans.sk\/#website\"},\"datePublished\":\"2024-09-13T08:01:44+00:00\",\"dateModified\":\"2025-03-13T09:01:58+00:00\",\"description\":\"n\u00e1kladn\u00e1 doprava, preprava sypk\u00fdch materi\u00e1lov, zemn\u00e9 a v\u00fdkopov\u00e9 pr\u00e1ce, Pre\u0161ov, Sabinov, Ko\u0161ice\",\"breadcrumb\":{\"@id\":\"https:\/\/www.hana-trans.sk\/index.php\/kontakt\/#breadcrumb\"},\"inLanguage\":\"sk-SK\",\"potentialAction\":[{\"@type\":\"ReadAction\",\"target\":[\"https:\/\/www.hana-trans.sk\/index.php\/kontakt\/\"]}]},{\"@type\":\"BreadcrumbList\",\"@id\":\"https:\/\/www.hana-trans.sk\/index.php\/kontakt\/#breadcrumb\",\"itemListElement\":[{\"@type\":\"ListItem\",\"position\":1,\"name\":\"Home\",\"item\":\"https:\/\/www.hana-trans.sk\/\"},{\"@type\":\"ListItem\",\"position\":2,\"name\":\"Kontakt\"}]},{\"@type\":\"WebSite\",\"@id\":\"https:\/\/www.hana-trans.sk\/#website\",\"url\":\"https:\/\/www.hana-trans.sk\/\",\"name\":\"HANA - trans, s.r.o. dopravn\u00e1 firma, zemn\u00e9 a v\u00fdkopov\u00e9 pr\u00e1ce, prevoz materi\u00e1lov\",\"description\":\"N\u00e1kladn\u00e1 cestn\u00e1 doprava, zemn\u00e9 a v\u00fdkopov\u00e9 pr\u00e1ce, prevoz a predaj sypk\u00fdch materi\u00e1lov a kame\u0148a  \ud83c\udfe0  S\u00eddlo: \u0160irok\u00e9 178, 082 37 \u0160irok\u00e9 (okres Pre\u0161ov)  \ud83d\udcde 051\/458 31 38   \u2709  info@hana-trans.sk\",\"publisher\":{\"@id\":\"https:\/\/www.hana-trans.sk\/#organization\"},\"alternateName\":\"n\u00e1kladn\u00e1 doprava a v\u00fdkopov\u00e9 pr\u00e1ce, Pre\u0161ov, Sabinov, Ko\u0161ice\",\"potentialAction\":[{\"@type\":\"SearchAction\",\"target\":{\"@type\":\"EntryPoint\",\"urlTemplate\":\"https:\/\/www.hana-trans.sk\/?s={search_term_string}\"},\"query-input\":{\"@type\":\"PropertyValueSpecification\",\"valueRequired\":true,\"valueName\":\"search_term_string\"}}],\"inLanguage\":\"sk-SK\"},{\"@type\":\"Organization\",\"@id\":\"https:\/\/www.hana-trans.sk\/#organization\",\"name\":\"HANA - trans, s.r.o.\",\"alternateName\":\"dopravn\u00e1 spolo\u010dnos\u0165 - n\u00e1kladn\u00e1 doprava, preprava materi\u00e1lu, zemn\u00e9 a v\u00fdkopov\u00e9 pr\u00e1ce Pre\u0161ov a okolie\",\"url\":\"https:\/\/www.hana-trans.sk\/\",\"logo\":{\"@type\":\"ImageObject\",\"inLanguage\":\"sk-SK\",\"@id\":\"https:\/\/www.hana-trans.sk\/#\/schema\/logo\/image\/\",\"url\":\"https:\/\/www.hana-trans.sk\/wp-content\/uploads\/2024\/09\/logo-nove.jpg\",\"contentUrl\":\"https:\/\/www.hana-trans.sk\/wp-content\/uploads\/2024\/09\/logo-nove.jpg\",\"width\":1332,\"height\":740,\"caption\":\"HANA - trans, s.r.o.\"},\"image\":{\"@id\":\"https:\/\/www.hana-trans.sk\/#\/schema\/logo\/image\/\"},\"sameAs\":[\"https:\/\/www.facebook.com\/hanatranssro\/?locale=sk_SK\",\"https:\/\/www.instagram.com\/hana_trans_\",\"https:\/\/www.youtube.com\/watch?v=qxc8TWoowII\"]}]}<\/script>\n<!-- \/ Yoast SEO plugin. -->","yoast_head_json":{"title":"Kontakt - HANA - trans, s.r.o. \/ n\u00e1kladn\u00e1 doprava, zemn\u00e9 a v\u00fdkopov\u00e9 pr\u00e1ce\/","description":"n\u00e1kladn\u00e1 doprava, preprava sypk\u00fdch materi\u00e1lov, zemn\u00e9 a v\u00fdkopov\u00e9 pr\u00e1ce, Pre\u0161ov, Sabinov, Ko\u0161ice","robots":{"index":"index","follow":"follow","max-snippet":"max-snippet:-1","max-image-preview":"max-image-preview:large","max-video-preview":"max-video-preview:-1"},"canonical":"https:\/\/www.hana-trans.sk\/index.php\/kontakt\/","og_locale":"sk_SK","og_type":"article","og_title":"Kontakt - HANA - trans, s.r.o. \/ n\u00e1kladn\u00e1 doprava, zemn\u00e9 a v\u00fdkopov\u00e9 pr\u00e1ce\/","og_description":"n\u00e1kladn\u00e1 doprava, preprava sypk\u00fdch materi\u00e1lov, zemn\u00e9 a v\u00fdkopov\u00e9 pr\u00e1ce, Pre\u0161ov, Sabinov, Ko\u0161ice","og_url":"https:\/\/www.hana-trans.sk\/index.php\/kontakt\/","og_site_name":"HANA - trans, s.r.o. \/ n\u00e1kladn\u00e1 doprava, zemn\u00e9 a v\u00fdkopov\u00e9 pr\u00e1ce\/","article_publisher":"https:\/\/www.facebook.com\/hanatranssro\/?locale=sk_SK","article_modified_time":"2025-03-13T09:01:58+00:00","og_image":[{"width":1332,"height":740,"url":"https:\/\/www.hana-trans.sk\/wp-content\/uploads\/2024\/09\/logo-nove.jpg","type":"image\/jpeg"}],"twitter_card":"summary_large_image","schema":{"@context":"https:\/\/schema.org","@graph":[{"@type":"WebPage","@id":"https:\/\/www.hana-trans.sk\/index.php\/kontakt\/","url":"https:\/\/www.hana-trans.sk\/index.php\/kontakt\/","name":"Kontakt - HANA - trans, s.r.o. \/ n\u00e1kladn\u00e1 doprava, zemn\u00e9 a v\u00fdkopov\u00e9 pr\u00e1ce\/","isPartOf":{"@id":"https:\/\/www.hana-trans.sk\/#website"},"datePublished":"2024-09-13T08:01:44+00:00","dateModified":"2025-03-13T09:01:58+00:00","description":"n\u00e1kladn\u00e1 doprava, preprava sypk\u00fdch materi\u00e1lov, zemn\u00e9 a v\u00fdkopov\u00e9 pr\u00e1ce, Pre\u0161ov, Sabinov, Ko\u0161ice","breadcrumb":{"@id":"https:\/\/www.hana-trans.sk\/index.php\/kontakt\/#breadcrumb"},"inLanguage":"sk-SK","potentialAction":[{"@type":"ReadAction","target":["https:\/\/www.hana-trans.sk\/index.php\/kontakt\/"]}]},{"@type":"BreadcrumbList","@id":"https:\/\/www.hana-trans.sk\/index.php\/kontakt\/#breadcrumb","itemListElement":[{"@type":"ListItem","position":1,"name":"Home","item":"https:\/\/www.hana-trans.sk\/"},{"@type":"ListItem","position":2,"name":"Kontakt"}]},{"@type":"WebSite","@id":"https:\/\/www.hana-trans.sk\/#website","url":"https:\/\/www.hana-trans.sk\/","name":"HANA - trans, s.r.o. dopravn\u00e1 firma, zemn\u00e9 a v\u00fdkopov\u00e9 pr\u00e1ce, prevoz materi\u00e1lov","description":"N\u00e1kladn\u00e1 cestn\u00e1 doprava, zemn\u00e9 a v\u00fdkopov\u00e9 pr\u00e1ce, prevoz a predaj sypk\u00fdch materi\u00e1lov a kame\u0148a  \ud83c\udfe0  S\u00eddlo: \u0160irok\u00e9 178, 082 37 \u0160irok\u00e9 (okres Pre\u0161ov)  \ud83d\udcde 051\/458 31 38   \u2709  info@hana-trans.sk","publisher":{"@id":"https:\/\/www.hana-trans.sk\/#organization"},"alternateName":"n\u00e1kladn\u00e1 doprava a v\u00fdkopov\u00e9 pr\u00e1ce, Pre\u0161ov, Sabinov, Ko\u0161ice","potentialAction":[{"@type":"SearchAction","target":{"@type":"EntryPoint","urlTemplate":"https:\/\/www.hana-trans.sk\/?s={search_term_string}"},"query-input":{"@type":"PropertyValueSpecification","valueRequired":true,"valueName":"search_term_string"}}],"inLanguage":"sk-SK"},{"@type":"Organization","@id":"https:\/\/www.hana-trans.sk\/#organization","name":"HANA - trans, s.r.o.","alternateName":"dopravn\u00e1 spolo\u010dnos\u0165 - n\u00e1kladn\u00e1 doprava, preprava materi\u00e1lu, zemn\u00e9 a v\u00fdkopov\u00e9 pr\u00e1ce Pre\u0161ov a okolie","url":"https:\/\/www.hana-trans.sk\/","logo":{"@type":"ImageObject","inLanguage":"sk-SK","@id":"https:\/\/www.hana-trans.sk\/#\/schema\/logo\/image\/","url":"https:\/\/www.hana-trans.sk\/wp-content\/uploads\/2024\/09\/logo-nove.jpg","contentUrl":"https:\/\/www.hana-trans.sk\/wp-content\/uploads\/2024\/09\/logo-nove.jpg","width":1332,"height":740,"caption":"HANA - trans, s.r.o."},"image":{"@id":"https:\/\/www.hana-trans.sk\/#\/schema\/logo\/image\/"},"sameAs":["https:\/\/www.facebook.com\/hanatranssro\/?locale=sk_SK","https:\/\/www.instagram.com\/hana_trans_","https:\/\/www.youtube.com\/watch?v=qxc8TWoowII"]}]}},"_links":{"self":[{"href":"https:\/\/www.hana-trans.sk\/index.php\/wp-json\/wp\/v2\/pages\/78"}],"collection":[{"href":"https:\/\/www.hana-trans.sk\/index.php\/wp-json\/wp\/v2\/pages"}],"about":[{"href":"https:\/\/www.hana-trans.sk\/index.php\/wp-json\/wp\/v2\/types\/page"}],"author":[{"embeddable":true,"href":"https:\/\/www.hana-trans.sk\/index.php\/wp-json\/wp\/v2\/users\/1"}],"replies":[{"embeddable":true,"href":"https:\/\/www.hana-trans.sk\/index.php\/wp-json\/wp\/v2\/comments?post=78"}],"version-history":[{"count":6,"href":"https:\/\/www.hana-trans.sk\/index.php\/wp-json\/wp\/v2\/pages\/78\/revisions"}],"predecessor-version":[{"id":797,"href":"https:\/\/www.hana-trans.sk\/index.php\/wp-json\/wp\/v2\/pages\/78\/revisions\/797"}],"wp:attachment":[{"href":"https:\/\/www.hana-trans.sk\/index.php\/wp-json\/wp\/v2\/media?parent=78"}],"curies":[{"name":"wp","href":"https:\/\/api.w.org\/{rel}","templated":true}]}}