{"id":180,"date":"2024-09-13T14:31:14","date_gmt":"2024-09-13T12:31:14","guid":{"rendered":"https:\/\/www.hana-trans.sk\/nove\/?page_id=180"},"modified":"2025-03-13T10:01:18","modified_gmt":"2025-03-13T09:01:18","slug":"kariera","status":"publish","type":"page","link":"https:\/\/www.hana-trans.sk\/index.php\/kariera\/","title":{"rendered":"Kari\u00e9ra"},"content":{"rendered":"\t\t<div data-elementor-type=\"wp-page\" data-elementor-id=\"180\" class=\"elementor elementor-180\">\n\t\t\t\t<div class=\"elementor-element elementor-element-5746000 e-con-full e-flex e-con e-parent\" data-id=\"5746000\" data-element_type=\"container\">\n\t\t<div class=\"elementor-element elementor-element-683251a e-grid e-con-boxed e-con e-child\" data-id=\"683251a\" data-element_type=\"container\">\n\t\t\t\t\t<div class=\"e-con-inner\">\n\t\t\t\t<div class=\"elementor-element elementor-element-ba0fed0 elementor-widget elementor-widget-image\" data-id=\"ba0fed0\" data-element_type=\"widget\" data-widget_type=\"image.default\">\n\t\t\t\t<div class=\"elementor-widget-container\">\n\t\t\t\t\t\t\t\t\t\t\t\t\t\t\t<img fetchpriority=\"high\" decoding=\"async\" width=\"640\" height=\"856\" src=\"https:\/\/www.hana-trans.sk\/wp-content\/uploads\/2024\/09\/Gargalik-R-8-1-766x1024.webp\" class=\"attachment-large size-large wp-image-155\" alt=\"\" srcset=\"https:\/\/www.hana-trans.sk\/wp-content\/uploads\/2024\/09\/Gargalik-R-8-1-766x1024.webp 766w, https:\/\/www.hana-trans.sk\/wp-content\/uploads\/2024\/09\/Gargalik-R-8-1-225x300.webp 225w, https:\/\/www.hana-trans.sk\/wp-content\/uploads\/2024\/09\/Gargalik-R-8-1-768x1026.webp 768w, https:\/\/www.hana-trans.sk\/wp-content\/uploads\/2024\/09\/Gargalik-R-8-1-1150x1536.webp 1150w, https:\/\/www.hana-trans.sk\/wp-content\/uploads\/2024\/09\/Gargalik-R-8-1.webp 1437w\" sizes=\"(max-width: 640px) 100vw, 640px\" \/>\t\t\t\t\t\t\t\t\t\t\t\t\t\t\t<\/div>\n\t\t\t\t<\/div>\n\t\t\t\t<div class=\"elementor-element elementor-element-5f94d6d elementor-widget elementor-widget-text-editor\" data-id=\"5f94d6d\" data-element_type=\"widget\" data-widget_type=\"text-editor.default\">\n\t\t\t\t<div class=\"elementor-widget-container\">\n\t\t\t\t\t\t\t\t\t<h3><strong>STROJN\u00cdK STAVEBN\u00ddCH STROJOV:<\/strong><\/h3><p>H\u013ead\u00e1me sk\u00fasen\u00e9ho a spo\u013eahliv\u00e9ho strojn\u00edka stavebn\u00fdch strojov, ktor\u00fd sa pripoj\u00ed k n\u00e1\u0161mu t\u00edmu. Va\u0161ou hlavnou \u00falohou bude ovl\u00e1da\u0165 a vykon\u00e1va\u0165 \u00fadr\u017ebu stavebn\u00fdch strojov, ako s\u00fa r\u00fdpadla, naklada\u010de, buldoz\u00e9ry a \u010fal\u0161ie. Budete zodpovedn\u00fd za bezpe\u010dn\u00e9 a efekt\u00edvne pou\u017e\u00edvanie t\u00fdchto strojov, dodr\u017eiavanie harmonogramov pr\u00e1ce a spolupr\u00e1cu s ostatn\u00fdmi \u010dlenmi t\u00edmu.<\/p><p><strong>PO\u017dIADAVKY:<\/strong><\/p><p>&#8211; sk\u00fasenosti s prev\u00e1dzkou a \u00fadr\u017ebou stavebn\u00fdch strojov (minim\u00e1lne dva roky)<\/p><p>&#8211; schopnos\u0165 pracova\u0165 samostatne a rozhodova\u0165 sa v dynamickom prostred\u00ed<\/p><p>&#8211; vynikaj\u00face komunika\u010dn\u00e9 schopnosti<\/p><p>&#8211; schopnos\u0165 efekt\u00edvne spolupracova\u0165 v t\u00edme<\/p><p>&#8211; platn\u00fd strojn\u00edcky preukaz<\/p><p><strong>PLATOV\u00c9 PODMIENKY:<\/strong><\/p><p>Info osobne na tel.\u010d\u00edsle &#8211; 0903 451 724<\/p>\t\t\t\t\t\t\t\t<\/div>\n\t\t\t\t<\/div>\n\t\t\t\t\t<\/div>\n\t\t\t\t<\/div>\n\t\t\t\t<div class=\"elementor-element elementor-element-d06f6ed elementor-widget__width-initial elementor-widget-divider--view-line elementor-widget elementor-widget-divider\" data-id=\"d06f6ed\" data-element_type=\"widget\" data-widget_type=\"divider.default\">\n\t\t\t\t<div class=\"elementor-widget-container\">\n\t\t\t\t\t\t\t<div class=\"elementor-divider\">\n\t\t\t<span class=\"elementor-divider-separator\">\n\t\t\t\t\t\t<\/span>\n\t\t<\/div>\n\t\t\t\t\t\t<\/div>\n\t\t\t\t<\/div>\n\t\t<div class=\"elementor-element elementor-element-b79a28c e-grid e-con-boxed e-con e-child\" data-id=\"b79a28c\" data-element_type=\"container\">\n\t\t\t\t\t<div class=\"e-con-inner\">\n\t\t\t\t<div class=\"elementor-element elementor-element-de3525e elementor-widget elementor-widget-image\" data-id=\"de3525e\" data-element_type=\"widget\" data-widget_type=\"image.default\">\n\t\t\t\t<div class=\"elementor-widget-container\">\n\t\t\t\t\t\t\t\t\t\t\t\t\t\t\t<img decoding=\"async\" width=\"640\" height=\"853\" src=\"https:\/\/www.hana-trans.sk\/wp-content\/uploads\/2024\/09\/20230531_220035-768x1024.jpg\" class=\"attachment-large size-large wp-image-214\" alt=\"\" srcset=\"https:\/\/www.hana-trans.sk\/wp-content\/uploads\/2024\/09\/20230531_220035-768x1024.jpg 768w, https:\/\/www.hana-trans.sk\/wp-content\/uploads\/2024\/09\/20230531_220035-225x300.jpg 225w, https:\/\/www.hana-trans.sk\/wp-content\/uploads\/2024\/09\/20230531_220035-1152x1536.jpg 1152w, https:\/\/www.hana-trans.sk\/wp-content\/uploads\/2024\/09\/20230531_220035-1536x2048.jpg 1536w, https:\/\/www.hana-trans.sk\/wp-content\/uploads\/2024\/09\/20230531_220035-scaled.jpg 1920w\" sizes=\"(max-width: 640px) 100vw, 640px\" \/>\t\t\t\t\t\t\t\t\t\t\t\t\t\t\t<\/div>\n\t\t\t\t<\/div>\n\t\t\t\t<div class=\"elementor-element elementor-element-9129769 elementor-widget elementor-widget-text-editor\" data-id=\"9129769\" data-element_type=\"widget\" data-widget_type=\"text-editor.default\">\n\t\t\t\t<div class=\"elementor-widget-container\">\n\t\t\t\t\t\t\t\t\t<h3><strong>VODI\u010c N\u00c1KLADN\u00ddCH VOZIDIEL<\/strong>\u00a0<\/h3><p>H\u013ead\u00e1me sk\u00fasen\u00e9ho a spo\u013eahliv\u00e9ho vodi\u010da, ktor\u00fd sa pripoj\u00ed k n\u00e1\u0161mu t\u00edmu. Va\u0161ou hlavnou \u00falohou bude zabezpe\u010dova\u0165 bezpe\u010dn\u00fa a efekt\u00edvnu prepravu n\u00e1kladov pod\u013ea pridelen\u00fdch itiner\u00e1rov a harmonogramov. Budete zodpovedn\u00fd za \u00fadr\u017ebu a starostlivos\u0165 o vozidl\u00e1, dodr\u017eiavanie v\u0161etk\u00fdch bezpe\u010dnostn\u00fdch noriem a predpisov, ako aj za poskytovanie vynikaj\u00facej z\u00e1kazn\u00edckej slu\u017eby.<\/p><p><strong>PO\u017dIADAVKY:<\/strong><\/p><p>&#8211; platn\u00fd vodi\u010dsk\u00fd preukaz kateg\u00f3rie C,E<\/p><p>&#8211; kvalifika\u010dn\u00e1 karta<\/p><p>&#8211; minim\u00e1lne dva roky sk\u00fasenost\u00ed ako vodi\u010d<\/p><p>&#8211; schopnos\u0165 pracova\u0165 samostatne a zodpovedne<\/p><p>&#8211; dobr\u00e9 komunika\u010dn\u00e9 a interperson\u00e1lne schopnosti<\/p><p>&#8211; schopnos\u0165 dodr\u017eiava\u0165 presn\u00e9 harmonogramy a deadliny<\/p><p>&#8211; sk\u00fasenosti s obsluhou a \u00fadr\u017ebou vozidiel<\/p><p><strong>PLATOV\u00c9 PODMIENKY:<\/strong><\/p><p>Info osobne na tel.\u010d\u00edsle &#8211; 0903 451 724<\/p>\t\t\t\t\t\t\t\t<\/div>\n\t\t\t\t<\/div>\n\t\t\t\t\t<\/div>\n\t\t\t\t<\/div>\n\t\t\t\t<\/div>\n\t\t<div class=\"elementor-element elementor-element-7dbc7c1 e-con-full e-flex e-con e-parent\" data-id=\"7dbc7c1\" data-element_type=\"container\">\n\t\t\t\t<div class=\"elementor-element elementor-element-101babb elementor-widget-divider--view-line elementor-widget elementor-widget-divider\" data-id=\"101babb\" data-element_type=\"widget\" data-widget_type=\"divider.default\">\n\t\t\t\t<div class=\"elementor-widget-container\">\n\t\t\t\t\t\t\t<div class=\"elementor-divider\">\n\t\t\t<span class=\"elementor-divider-separator\">\n\t\t\t\t\t\t<\/span>\n\t\t<\/div>\n\t\t\t\t\t\t<\/div>\n\t\t\t\t<\/div>\n\t\t\t\t<\/div>\n\t\t\t\t<\/div>\n\t\t","protected":false},"excerpt":{"rendered":"<p>STROJN\u00cdK STAVEBN\u00ddCH STROJOV: H\u013ead\u00e1me sk\u00fasen\u00e9ho a spo\u013eahliv\u00e9ho strojn\u00edka stavebn\u00fdch strojov, ktor\u00fd sa pripoj\u00ed k n\u00e1\u0161mu t\u00edmu. Va\u0161ou hlavnou \u00falohou bude ovl\u00e1da\u0165 a vykon\u00e1va\u0165 \u00fadr\u017ebu stavebn\u00fdch strojov, ako s\u00fa r\u00fdpadla, naklada\u010de, buldoz\u00e9ry a \u010fal\u0161ie. Budete zodpovedn\u00fd za bezpe\u010dn\u00e9 a efekt\u00edvne pou\u017e\u00edvanie t\u00fdchto strojov, dodr\u017eiavanie harmonogramov pr\u00e1ce a spolupr\u00e1cu s ostatn\u00fdmi \u010dlenmi t\u00edmu. PO\u017dIADAVKY: &#8211; sk\u00fasenosti s [&hellip;]<\/p>\n","protected":false},"author":1,"featured_media":0,"parent":0,"menu_order":0,"comment_status":"closed","ping_status":"closed","template":"","meta":{"_monsterinsights_skip_tracking":false,"_monsterinsights_sitenote_active":false,"_monsterinsights_sitenote_note":"","_monsterinsights_sitenote_category":0,"footnotes":""},"class_list":["post-180","page","type-page","status-publish","hentry"],"yoast_head":"<!-- This site is optimized with the Yoast SEO plugin v23.4 - https:\/\/yoast.com\/wordpress\/plugins\/seo\/ -->\n<title>Kari\u00e9ra - HANA - trans, s.r.o. \/ n\u00e1kladn\u00e1 doprava, zemn\u00e9 a v\u00fdkopov\u00e9 pr\u00e1ce\/<\/title>\n<meta name=\"description\" content=\"n\u00e1kladn\u00e1 doprava, preprava sypk\u00fdch materi\u00e1lov, zemn\u00e9 a v\u00fdkopov\u00e9 pr\u00e1ce, Pre\u0161ov, Sabinov, Ko\u0161ice\" \/>\n<meta name=\"robots\" content=\"index, follow, max-snippet:-1, max-image-preview:large, max-video-preview:-1\" \/>\n<link rel=\"canonical\" href=\"https:\/\/www.hana-trans.sk\/index.php\/kariera\/\" \/>\n<meta property=\"og:locale\" content=\"sk_SK\" \/>\n<meta property=\"og:type\" content=\"article\" \/>\n<meta property=\"og:title\" content=\"Kari\u00e9ra - HANA - trans, s.r.o. \/ n\u00e1kladn\u00e1 doprava, zemn\u00e9 a v\u00fdkopov\u00e9 pr\u00e1ce\/\" \/>\n<meta property=\"og:description\" content=\"n\u00e1kladn\u00e1 doprava, preprava sypk\u00fdch materi\u00e1lov, zemn\u00e9 a v\u00fdkopov\u00e9 pr\u00e1ce, Pre\u0161ov, Sabinov, Ko\u0161ice\" \/>\n<meta property=\"og:url\" content=\"https:\/\/www.hana-trans.sk\/index.php\/kariera\/\" \/>\n<meta property=\"og:site_name\" content=\"HANA - trans, s.r.o. \/ n\u00e1kladn\u00e1 doprava, zemn\u00e9 a v\u00fdkopov\u00e9 pr\u00e1ce\/\" \/>\n<meta property=\"article:publisher\" content=\"https:\/\/www.facebook.com\/hanatranssro\/?locale=sk_SK\" \/>\n<meta property=\"article:modified_time\" content=\"2025-03-13T09:01:18+00:00\" \/>\n<meta property=\"og:image\" content=\"https:\/\/www.hana-trans.sk\/wp-content\/uploads\/2024\/09\/Gargalik-R-8-1-766x1024.webp\" \/>\n<meta name=\"twitter:card\" content=\"summary_large_image\" \/>\n<meta name=\"twitter:label1\" content=\"Predpokladan\u00fd \u010das \u010d\u00edtania\" \/>\n\t<meta name=\"twitter:data1\" content=\"1 min\u00fata\" \/>\n<script type=\"application\/ld+json\" class=\"yoast-schema-graph\">{\"@context\":\"https:\/\/schema.org\",\"@graph\":[{\"@type\":\"WebPage\",\"@id\":\"https:\/\/www.hana-trans.sk\/index.php\/kariera\/\",\"url\":\"https:\/\/www.hana-trans.sk\/index.php\/kariera\/\",\"name\":\"Kari\u00e9ra - HANA - trans, s.r.o. \/ n\u00e1kladn\u00e1 doprava, zemn\u00e9 a v\u00fdkopov\u00e9 pr\u00e1ce\/\",\"isPartOf\":{\"@id\":\"https:\/\/www.hana-trans.sk\/#website\"},\"primaryImageOfPage\":{\"@id\":\"https:\/\/www.hana-trans.sk\/index.php\/kariera\/#primaryimage\"},\"image\":{\"@id\":\"https:\/\/www.hana-trans.sk\/index.php\/kariera\/#primaryimage\"},\"thumbnailUrl\":\"https:\/\/www.hana-trans.sk\/wp-content\/uploads\/2024\/09\/Gargalik-R-8-1-766x1024.webp\",\"datePublished\":\"2024-09-13T12:31:14+00:00\",\"dateModified\":\"2025-03-13T09:01:18+00:00\",\"description\":\"n\u00e1kladn\u00e1 doprava, preprava sypk\u00fdch materi\u00e1lov, zemn\u00e9 a v\u00fdkopov\u00e9 pr\u00e1ce, Pre\u0161ov, Sabinov, Ko\u0161ice\",\"breadcrumb\":{\"@id\":\"https:\/\/www.hana-trans.sk\/index.php\/kariera\/#breadcrumb\"},\"inLanguage\":\"sk-SK\",\"potentialAction\":[{\"@type\":\"ReadAction\",\"target\":[\"https:\/\/www.hana-trans.sk\/index.php\/kariera\/\"]}]},{\"@type\":\"ImageObject\",\"inLanguage\":\"sk-SK\",\"@id\":\"https:\/\/www.hana-trans.sk\/index.php\/kariera\/#primaryimage\",\"url\":\"https:\/\/www.hana-trans.sk\/wp-content\/uploads\/2024\/09\/Gargalik-R-8-1.webp\",\"contentUrl\":\"https:\/\/www.hana-trans.sk\/wp-content\/uploads\/2024\/09\/Gargalik-R-8-1.webp\",\"width\":1437,\"height\":1920},{\"@type\":\"BreadcrumbList\",\"@id\":\"https:\/\/www.hana-trans.sk\/index.php\/kariera\/#breadcrumb\",\"itemListElement\":[{\"@type\":\"ListItem\",\"position\":1,\"name\":\"Home\",\"item\":\"https:\/\/www.hana-trans.sk\/\"},{\"@type\":\"ListItem\",\"position\":2,\"name\":\"Kari\u00e9ra\"}]},{\"@type\":\"WebSite\",\"@id\":\"https:\/\/www.hana-trans.sk\/#website\",\"url\":\"https:\/\/www.hana-trans.sk\/\",\"name\":\"HANA - trans, s.r.o. dopravn\u00e1 firma, zemn\u00e9 a v\u00fdkopov\u00e9 pr\u00e1ce, prevoz materi\u00e1lov\",\"description\":\"N\u00e1kladn\u00e1 cestn\u00e1 doprava, zemn\u00e9 a v\u00fdkopov\u00e9 pr\u00e1ce, prevoz a predaj sypk\u00fdch materi\u00e1lov a kame\u0148a  \ud83c\udfe0  S\u00eddlo: \u0160irok\u00e9 178, 082 37 \u0160irok\u00e9 (okres Pre\u0161ov)  \ud83d\udcde 051\/458 31 38   \u2709  info@hana-trans.sk\",\"publisher\":{\"@id\":\"https:\/\/www.hana-trans.sk\/#organization\"},\"alternateName\":\"n\u00e1kladn\u00e1 doprava a v\u00fdkopov\u00e9 pr\u00e1ce, Pre\u0161ov, Sabinov, Ko\u0161ice\",\"potentialAction\":[{\"@type\":\"SearchAction\",\"target\":{\"@type\":\"EntryPoint\",\"urlTemplate\":\"https:\/\/www.hana-trans.sk\/?s={search_term_string}\"},\"query-input\":{\"@type\":\"PropertyValueSpecification\",\"valueRequired\":true,\"valueName\":\"search_term_string\"}}],\"inLanguage\":\"sk-SK\"},{\"@type\":\"Organization\",\"@id\":\"https:\/\/www.hana-trans.sk\/#organization\",\"name\":\"HANA - trans, s.r.o.\",\"alternateName\":\"dopravn\u00e1 spolo\u010dnos\u0165 - n\u00e1kladn\u00e1 doprava, preprava materi\u00e1lu, zemn\u00e9 a v\u00fdkopov\u00e9 pr\u00e1ce Pre\u0161ov a okolie\",\"url\":\"https:\/\/www.hana-trans.sk\/\",\"logo\":{\"@type\":\"ImageObject\",\"inLanguage\":\"sk-SK\",\"@id\":\"https:\/\/www.hana-trans.sk\/#\/schema\/logo\/image\/\",\"url\":\"https:\/\/www.hana-trans.sk\/wp-content\/uploads\/2024\/09\/logo-nove.jpg\",\"contentUrl\":\"https:\/\/www.hana-trans.sk\/wp-content\/uploads\/2024\/09\/logo-nove.jpg\",\"width\":1332,\"height\":740,\"caption\":\"HANA - trans, s.r.o.\"},\"image\":{\"@id\":\"https:\/\/www.hana-trans.sk\/#\/schema\/logo\/image\/\"},\"sameAs\":[\"https:\/\/www.facebook.com\/hanatranssro\/?locale=sk_SK\",\"https:\/\/www.instagram.com\/hana_trans_\",\"https:\/\/www.youtube.com\/watch?v=qxc8TWoowII\"]}]}<\/script>\n<!-- \/ Yoast SEO plugin. -->","yoast_head_json":{"title":"Kari\u00e9ra - HANA - trans, s.r.o. \/ n\u00e1kladn\u00e1 doprava, zemn\u00e9 a v\u00fdkopov\u00e9 pr\u00e1ce\/","description":"n\u00e1kladn\u00e1 doprava, preprava sypk\u00fdch materi\u00e1lov, zemn\u00e9 a v\u00fdkopov\u00e9 pr\u00e1ce, Pre\u0161ov, Sabinov, Ko\u0161ice","robots":{"index":"index","follow":"follow","max-snippet":"max-snippet:-1","max-image-preview":"max-image-preview:large","max-video-preview":"max-video-preview:-1"},"canonical":"https:\/\/www.hana-trans.sk\/index.php\/kariera\/","og_locale":"sk_SK","og_type":"article","og_title":"Kari\u00e9ra - HANA - trans, s.r.o. \/ n\u00e1kladn\u00e1 doprava, zemn\u00e9 a v\u00fdkopov\u00e9 pr\u00e1ce\/","og_description":"n\u00e1kladn\u00e1 doprava, preprava sypk\u00fdch materi\u00e1lov, zemn\u00e9 a v\u00fdkopov\u00e9 pr\u00e1ce, Pre\u0161ov, Sabinov, Ko\u0161ice","og_url":"https:\/\/www.hana-trans.sk\/index.php\/kariera\/","og_site_name":"HANA - trans, s.r.o. \/ n\u00e1kladn\u00e1 doprava, zemn\u00e9 a v\u00fdkopov\u00e9 pr\u00e1ce\/","article_publisher":"https:\/\/www.facebook.com\/hanatranssro\/?locale=sk_SK","article_modified_time":"2025-03-13T09:01:18+00:00","og_image":[{"url":"https:\/\/www.hana-trans.sk\/wp-content\/uploads\/2024\/09\/Gargalik-R-8-1-766x1024.webp"}],"twitter_card":"summary_large_image","twitter_misc":{"Predpokladan\u00fd \u010das \u010d\u00edtania":"1 min\u00fata"},"schema":{"@context":"https:\/\/schema.org","@graph":[{"@type":"WebPage","@id":"https:\/\/www.hana-trans.sk\/index.php\/kariera\/","url":"https:\/\/www.hana-trans.sk\/index.php\/kariera\/","name":"Kari\u00e9ra - HANA - trans, s.r.o. \/ n\u00e1kladn\u00e1 doprava, zemn\u00e9 a v\u00fdkopov\u00e9 pr\u00e1ce\/","isPartOf":{"@id":"https:\/\/www.hana-trans.sk\/#website"},"primaryImageOfPage":{"@id":"https:\/\/www.hana-trans.sk\/index.php\/kariera\/#primaryimage"},"image":{"@id":"https:\/\/www.hana-trans.sk\/index.php\/kariera\/#primaryimage"},"thumbnailUrl":"https:\/\/www.hana-trans.sk\/wp-content\/uploads\/2024\/09\/Gargalik-R-8-1-766x1024.webp","datePublished":"2024-09-13T12:31:14+00:00","dateModified":"2025-03-13T09:01:18+00:00","description":"n\u00e1kladn\u00e1 doprava, preprava sypk\u00fdch materi\u00e1lov, zemn\u00e9 a v\u00fdkopov\u00e9 pr\u00e1ce, Pre\u0161ov, Sabinov, Ko\u0161ice","breadcrumb":{"@id":"https:\/\/www.hana-trans.sk\/index.php\/kariera\/#breadcrumb"},"inLanguage":"sk-SK","potentialAction":[{"@type":"ReadAction","target":["https:\/\/www.hana-trans.sk\/index.php\/kariera\/"]}]},{"@type":"ImageObject","inLanguage":"sk-SK","@id":"https:\/\/www.hana-trans.sk\/index.php\/kariera\/#primaryimage","url":"https:\/\/www.hana-trans.sk\/wp-content\/uploads\/2024\/09\/Gargalik-R-8-1.webp","contentUrl":"https:\/\/www.hana-trans.sk\/wp-content\/uploads\/2024\/09\/Gargalik-R-8-1.webp","width":1437,"height":1920},{"@type":"BreadcrumbList","@id":"https:\/\/www.hana-trans.sk\/index.php\/kariera\/#breadcrumb","itemListElement":[{"@type":"ListItem","position":1,"name":"Home","item":"https:\/\/www.hana-trans.sk\/"},{"@type":"ListItem","position":2,"name":"Kari\u00e9ra"}]},{"@type":"WebSite","@id":"https:\/\/www.hana-trans.sk\/#website","url":"https:\/\/www.hana-trans.sk\/","name":"HANA - trans, s.r.o. dopravn\u00e1 firma, zemn\u00e9 a v\u00fdkopov\u00e9 pr\u00e1ce, prevoz materi\u00e1lov","description":"N\u00e1kladn\u00e1 cestn\u00e1 doprava, zemn\u00e9 a v\u00fdkopov\u00e9 pr\u00e1ce, prevoz a predaj sypk\u00fdch materi\u00e1lov a kame\u0148a  \ud83c\udfe0  S\u00eddlo: \u0160irok\u00e9 178, 082 37 \u0160irok\u00e9 (okres Pre\u0161ov)  \ud83d\udcde 051\/458 31 38   \u2709  info@hana-trans.sk","publisher":{"@id":"https:\/\/www.hana-trans.sk\/#organization"},"alternateName":"n\u00e1kladn\u00e1 doprava a v\u00fdkopov\u00e9 pr\u00e1ce, Pre\u0161ov, Sabinov, Ko\u0161ice","potentialAction":[{"@type":"SearchAction","target":{"@type":"EntryPoint","urlTemplate":"https:\/\/www.hana-trans.sk\/?s={search_term_string}"},"query-input":{"@type":"PropertyValueSpecification","valueRequired":true,"valueName":"search_term_string"}}],"inLanguage":"sk-SK"},{"@type":"Organization","@id":"https:\/\/www.hana-trans.sk\/#organization","name":"HANA - trans, s.r.o.","alternateName":"dopravn\u00e1 spolo\u010dnos\u0165 - n\u00e1kladn\u00e1 doprava, preprava materi\u00e1lu, zemn\u00e9 a v\u00fdkopov\u00e9 pr\u00e1ce Pre\u0161ov a okolie","url":"https:\/\/www.hana-trans.sk\/","logo":{"@type":"ImageObject","inLanguage":"sk-SK","@id":"https:\/\/www.hana-trans.sk\/#\/schema\/logo\/image\/","url":"https:\/\/www.hana-trans.sk\/wp-content\/uploads\/2024\/09\/logo-nove.jpg","contentUrl":"https:\/\/www.hana-trans.sk\/wp-content\/uploads\/2024\/09\/logo-nove.jpg","width":1332,"height":740,"caption":"HANA - trans, s.r.o."},"image":{"@id":"https:\/\/www.hana-trans.sk\/#\/schema\/logo\/image\/"},"sameAs":["https:\/\/www.facebook.com\/hanatranssro\/?locale=sk_SK","https:\/\/www.instagram.com\/hana_trans_","https:\/\/www.youtube.com\/watch?v=qxc8TWoowII"]}]}},"_links":{"self":[{"href":"https:\/\/www.hana-trans.sk\/index.php\/wp-json\/wp\/v2\/pages\/180"}],"collection":[{"href":"https:\/\/www.hana-trans.sk\/index.php\/wp-json\/wp\/v2\/pages"}],"about":[{"href":"https:\/\/www.hana-trans.sk\/index.php\/wp-json\/wp\/v2\/types\/page"}],"author":[{"embeddable":true,"href":"https:\/\/www.hana-trans.sk\/index.php\/wp-json\/wp\/v2\/users\/1"}],"replies":[{"embeddable":true,"href":"https:\/\/www.hana-trans.sk\/index.php\/wp-json\/wp\/v2\/comments?post=180"}],"version-history":[{"count":6,"href":"https:\/\/www.hana-trans.sk\/index.php\/wp-json\/wp\/v2\/pages\/180\/revisions"}],"predecessor-version":[{"id":794,"href":"https:\/\/www.hana-trans.sk\/index.php\/wp-json\/wp\/v2\/pages\/180\/revisions\/794"}],"wp:attachment":[{"href":"https:\/\/www.hana-trans.sk\/index.php\/wp-json\/wp\/v2\/media?parent=180"}],"curies":[{"name":"wp","href":"https:\/\/api.w.org\/{rel}","templated":true}]}}